{"id":1138,"date":"2020-07-23T22:41:39","date_gmt":"2020-07-23T22:41:39","guid":{"rendered":"http:\/\/lpreflexology.com\/?page_id=1138"},"modified":"2020-08-24T20:22:15","modified_gmt":"2020-08-24T20:22:15","slug":"reflexologie","status":"publish","type":"page","link":"https:\/\/lpreflexology.com\/?page_id=1138","title":{"rendered":"R\u00e9flexologie"},"content":{"rendered":"\t\t<div data-elementor-type=\"wp-page\" data-elementor-id=\"1138\" class=\"elementor elementor-1138\" data-elementor-settings=\"[]\">\n\t\t\t<div class=\"elementor-inner\">\n\t\t\t\t<div class=\"elementor-section-wrap\">\n\t\t\t\t\t\t\t<section class=\"elementor-element elementor-element-e978d00 elementor-section-boxed elementor-section-height-default elementor-section-height-default elementor-section elementor-top-section\" data-id=\"e978d00\" data-element_type=\"section\">\n\t\t\t\t\t\t<div class=\"elementor-container elementor-column-gap-default\">\n\t\t\t\t<div class=\"elementor-row\">\n\t\t\t\t<div class=\"elementor-element elementor-element-07be2ea elementor-column elementor-col-50 elementor-top-column\" data-id=\"07be2ea\" data-element_type=\"column\">\n\t\t\t<div class=\"elementor-column-wrap  elementor-element-populated\">\n\t\t\t\t\t<div class=\"elementor-widget-wrap\">\n\t\t\t\t<div class=\"elementor-element elementor-element-19dfc28 elementor-widget elementor-widget-text-editor\" data-id=\"19dfc28\" data-element_type=\"widget\" data-widget_type=\"text-editor.default\">\n\t\t\t\t<div class=\"elementor-widget-container\">\n\t\t\t\t\t<div class=\"elementor-text-editor elementor-clearfix\"><h2>Les Bienfaits<\/h2><p>Des bienfaits physiques et psychiques<br \/>Les bienfaits de ce massage de la vo\u00fbte plantaire semblent nombreux\u00a0: il y a des bienfaits physiques et psychiques. La r\u00e9flexologie plantaire dynamise l&#8217;organisme, harmonise les fonctions vitales, lib\u00e8re le stress et les tensions nerveuses, soulage les tensions du dos et beaucoup d&#8217;autres douleurs cit\u00e9es pr\u00e9c\u00e9demment, am\u00e9liore la circulation sanguine, apporte d\u00e9tente et relaxation profonde, active le syst\u00e8me lymphatique et d\u00e9contracte les muscles. Mais le bien-\u00eatre apport\u00e9 par la r\u00e9flexologie plantaire est aussi psychique gr\u00e2ce \u00e0 la d\u00e9contraction mentale et \u00e0 l&#8217;\u00e9vacuation des \u00e9motions n\u00e9gatives.<\/p><p><strong>La r\u00e9flexologie peut :<\/strong><\/p><ul><li>Soulager l&#8217;anxi\u00e9t\u00e9<\/li><li>Soulager les maux de t\u00eate<\/li><li>Aider \u00e0 lutter contre le diab\u00e8te de type 2<\/li><li>R\u00e9duire les sympt\u00f4mes du syndrome pr\u00e9menstruel (PMS)<\/li><li>Aider \u00e0 gu\u00e9rir la sinusite<\/li><li>Aider \u00e0 lutter contre certains sympt\u00f4mes du cancer<\/li><li>Favoriser la sant\u00e9 cardiaque<\/li><\/ul><\/div>\n\t\t\t\t<\/div>\n\t\t\t\t<\/div>\n\t\t\t\t\t\t<\/div>\n\t\t\t<\/div>\n\t\t<\/div>\n\t\t\t\t<div class=\"elementor-element elementor-element-5d31356 elementor-column elementor-col-50 elementor-top-column\" data-id=\"5d31356\" data-element_type=\"column\">\n\t\t\t<div class=\"elementor-column-wrap  elementor-element-populated\">\n\t\t\t\t\t<div class=\"elementor-widget-wrap\">\n\t\t\t\t<div class=\"elementor-element elementor-element-f4fdc16 elementor-aspect-ratio-11 elementor-widget__width-inherit elementor-widget elementor-widget-video\" data-id=\"f4fdc16\" data-element_type=\"widget\" data-settings=\"{&quot;aspect_ratio&quot;:&quot;11&quot;}\" data-widget_type=\"video.default\">\n\t\t\t\t<div class=\"elementor-widget-container\">\n\t\t\t\t\t<div class=\"elementor-wrapper elementor-fit-aspect-ratio elementor-open-inline\">\n\t\t\t\t\t<video class=\"elementor-video\" src=\"https:\/\/lpreflexology.com\/wp-content\/uploads\/2020\/08\/video3.mp4\" autoplay=\"\" controls=\"\" playsinline=\"\" controlsList=\"nodownload\"><\/video>\n\t\t\t\t<\/div>\n\t\t\t\t<\/div>\n\t\t\t\t<\/div>\n\t\t\t\t<div class=\"elementor-element elementor-element-5a6d1c3 elementor-widget elementor-widget-text-editor\" data-id=\"5a6d1c3\" data-element_type=\"widget\" data-widget_type=\"text-editor.default\">\n\t\t\t\t<div class=\"elementor-widget-container\">\n\t\t\t\t\t<div class=\"elementor-text-editor elementor-clearfix\"><p><strong>Vous \u00eates soumis \u00e0 une situation de stress ? <\/strong><\/p><p><strong>Vous n\u2019arrivez pas \u00e0 g\u00e9rer vos \u00e9motions ?<\/strong><\/p><p><strong>\u00a0Vous avez des troubles ORL ?<\/strong><\/p><p>La r\u00e9flexologie plantaire : r\u00e9\u00e9quilibre les fonctions de l\u2019organisme.<br \/>Si vous d\u00e9sirez vous sentir moins angoiss\u00e9 et stress\u00e9 et prendre la vie du bon c\u00f4t\u00e9, la r\u00e9flexologie plantaire peut vous aider !<\/p><\/div>\n\t\t\t\t<\/div>\n\t\t\t\t<\/div>\n\t\t\t\t\t\t<\/div>\n\t\t\t<\/div>\n\t\t<\/div>\n\t\t\t\t\t\t<\/div>\n\t\t\t<\/div>\n\t\t<\/section>\n\t\t\t\t<section class=\"elementor-element elementor-element-f849f62 elementor-section-boxed elementor-section-height-default elementor-section-height-default elementor-section elementor-top-section\" data-id=\"f849f62\" data-element_type=\"section\">\n\t\t\t\t\t\t<div class=\"elementor-container elementor-column-gap-default\">\n\t\t\t\t<div class=\"elementor-row\">\n\t\t\t\t<div class=\"elementor-element elementor-element-9e95ceb elementor-column elementor-col-50 elementor-top-column\" data-id=\"9e95ceb\" data-element_type=\"column\">\n\t\t\t<div class=\"elementor-column-wrap  elementor-element-populated\">\n\t\t\t\t\t<div class=\"elementor-widget-wrap\">\n\t\t\t\t<div class=\"elementor-element elementor-element-1e56a38 elementor-widget elementor-widget-image\" data-id=\"1e56a38\" data-element_type=\"widget\" data-widget_type=\"image.default\">\n\t\t\t\t<div class=\"elementor-widget-container\">\n\t\t\t\t\t<div class=\"elementor-image\">\n\t\t\t\t\t\t\t\t\t\t<img loading=\"lazy\" decoding=\"async\" width=\"1000\" height=\"667\" src=\"https:\/\/lpreflexology.com\/wp-content\/uploads\/2020\/08\/pie6.jpg\" class=\"attachment-1536x1536 size-1536x1536\" alt=\"\" srcset=\"https:\/\/lpreflexology.com\/wp-content\/uploads\/2020\/08\/pie6.jpg 1000w, https:\/\/lpreflexology.com\/wp-content\/uploads\/2020\/08\/pie6-300x200.jpg 300w, https:\/\/lpreflexology.com\/wp-content\/uploads\/2020\/08\/pie6-768x512.jpg 768w\" sizes=\"auto, (max-width: 1000px) 100vw, 1000px\" \/>\t\t\t\t\t\t\t\t\t\t\t<\/div>\n\t\t\t\t<\/div>\n\t\t\t\t<\/div>\n\t\t\t\t<div class=\"elementor-element elementor-element-a15d919 elementor-widget elementor-widget-text-editor\" data-id=\"a15d919\" data-element_type=\"widget\" data-widget_type=\"text-editor.default\">\n\t\t\t\t<div class=\"elementor-widget-container\">\n\t\t\t\t\t<div class=\"elementor-text-editor elementor-clearfix\"><\/div>\n\t\t\t\t<\/div>\n\t\t\t\t<\/div>\n\t\t\t\t\t\t<\/div>\n\t\t\t<\/div>\n\t\t<\/div>\n\t\t\t\t<div class=\"elementor-element elementor-element-546b30a elementor-column elementor-col-100 elementor-top-column\" data-id=\"546b30a\" data-element_type=\"column\">\n\t\t\t<div class=\"elementor-column-wrap  elementor-element-populated\">\n\t\t\t\t\t<div class=\"elementor-widget-wrap\">\n\t\t\t\t<div class=\"elementor-element elementor-element-bf182ea elementor-widget elementor-widget-text-editor\" data-id=\"bf182ea\" data-element_type=\"widget\" data-widget_type=\"text-editor.default\">\n\t\t\t\t<div class=\"elementor-widget-container\">\n\t\t\t\t\t<div class=\"elementor-text-editor elementor-clearfix\"><h2><strong>INDICATIONS:<\/strong><\/h2><p>Cette th\u00e9rapie douce est indispensable dans plusieurs cas:<\/p><ul><li>Le stress<\/li><li>L\u2019angoisse ou l\u2019anxi\u00e9t\u00e9<\/li><li>Pour les personnes qui sont souvent d\u00e9prim\u00e9es<\/li><li>En cas de migraines ou d\u2019insomnie<\/li><li>Pour lutter contre des probl\u00e8mes digestifs, dorsaux ou respiratoires<\/li><li>Pour les personnes qui ont des difficult\u00e9s \u00e0 se concentrer<\/li><li>Ou encore pour accompagner les patients qui ont des pathologies assez s\u00e9v\u00e8res<\/li><\/ul><\/div>\n\t\t\t\t<\/div>\n\t\t\t\t<\/div>\n\t\t\t\t\t\t<\/div>\n\t\t\t<\/div>\n\t\t<\/div>\n\t\t\t\t\t\t<\/div>\n\t\t\t<\/div>\n\t\t<\/section>\n\t\t\t\t\t\t<\/div>\n\t\t\t<\/div>\n\t\t<\/div>\n\t\t","protected":false},"excerpt":{"rendered":"<p>Les Bienfaits Des bienfaits physiques et psychiquesLes bienfaits de ce massage de la vo\u00fbte plantaire semblent nombreux\u00a0: il y a des bienfaits physiques et psychiques. La r\u00e9flexologie plantaire dynamise l&#8217;organisme, harmonise les fonctions vitales, lib\u00e8re le stress et les tensions nerveuses, soulage les tensions du dos et beaucoup d&#8217;autres douleurs &hellip; <\/p>\n","protected":false},"author":2,"featured_media":0,"parent":0,"menu_order":0,"comment_status":"closed","ping_status":"closed","template":"","meta":{"footnotes":""},"class_list":["post-1138","page","type-page","status-publish","hentry"],"yoast_head":"<!-- This site is optimized with the Yoast SEO plugin v14.6.1 - https:\/\/yoast.com\/wordpress\/plugins\/seo\/ -->\n<title>R\u00e9flexologie | lpreflexology.com<\/title>\n<meta name=\"description\" content=\"La r\u00e9flexologie plantaire se pratique au niveau de la plante des pieds, &#039;tableau de bord&#039; de l&#039;ensemble du corps.\" \/>\n<meta name=\"robots\" content=\"index, follow\" \/>\n<meta name=\"googlebot\" content=\"index, follow, max-snippet:-1, max-image-preview:large, max-video-preview:-1\" \/>\n<meta name=\"bingbot\" content=\"index, follow, max-snippet:-1, max-image-preview:large, max-video-preview:-1\" \/>\n<link rel=\"canonical\" href=\"https:\/\/lpreflexology.com\/?page_id=1138\" \/>\n<meta property=\"og:locale\" content=\"en_US\" \/>\n<meta property=\"og:type\" content=\"article\" \/>\n<meta property=\"og:title\" content=\"R\u00e9flexologie | lpreflexology.com\" \/>\n<meta property=\"og:description\" content=\"La r\u00e9flexologie plantaire se pratique au niveau de la plante des pieds, &#039;tableau de bord&#039; de l&#039;ensemble du corps.\" \/>\n<meta property=\"og:url\" content=\"https:\/\/lpreflexology.com\/?page_id=1138\" \/>\n<meta property=\"og:site_name\" content=\"lpreflexology.com\" \/>\n<meta property=\"article:modified_time\" content=\"2020-08-24T20:22:15+00:00\" \/>\n<meta property=\"og:image\" content=\"https:\/\/lpreflexology.com\/wp-content\/uploads\/2020\/08\/pie6.jpg\" \/>\n<meta name=\"twitter:card\" content=\"summary_large_image\" \/>\n<script type=\"application\/ld+json\" class=\"yoast-schema-graph\">{\"@context\":\"https:\/\/schema.org\",\"@graph\":[{\"@type\":[\"Person\",\"Organization\"],\"@id\":\"https:\/\/lpreflexology.com\/#\/schema\/person\/8a663cfa1bf3a4fd9cd734dfffbd1eb0\",\"name\":\"Laura Pelliza\",\"image\":{\"@type\":\"ImageObject\",\"@id\":\"https:\/\/lpreflexology.com\/#personlogo\",\"inLanguage\":\"en-US\",\"url\":\"https:\/\/secure.gravatar.com\/avatar\/dc8b2c0c196b8b36e0f56d9023464eff?s=96&d=mm&r=g\",\"caption\":\"Laura Pelliza\"},\"logo\":{\"@id\":\"https:\/\/lpreflexology.com\/#personlogo\"}},{\"@type\":\"WebSite\",\"@id\":\"https:\/\/lpreflexology.com\/#website\",\"url\":\"https:\/\/lpreflexology.com\/\",\"name\":\"lpreflexology.com\",\"description\":\"R\\u00e9flexologie plantaire\",\"publisher\":{\"@id\":\"https:\/\/lpreflexology.com\/#\/schema\/person\/8a663cfa1bf3a4fd9cd734dfffbd1eb0\"},\"potentialAction\":[{\"@type\":\"SearchAction\",\"target\":\"https:\/\/lpreflexology.com\/?s={search_term_string}\",\"query-input\":\"required name=search_term_string\"}],\"inLanguage\":\"en-US\"},{\"@type\":\"ImageObject\",\"@id\":\"https:\/\/lpreflexology.com\/?page_id=1138#primaryimage\",\"inLanguage\":\"en-US\",\"url\":\"https:\/\/lpreflexology.com\/wp-content\/uploads\/2020\/08\/pie6.jpg\",\"width\":1000,\"height\":667,\"caption\":\"Close-up of woman doing foot massage at spa.\"},{\"@type\":\"WebPage\",\"@id\":\"https:\/\/lpreflexology.com\/?page_id=1138#webpage\",\"url\":\"https:\/\/lpreflexology.com\/?page_id=1138\",\"name\":\"R\\u00e9flexologie | lpreflexology.com\",\"isPartOf\":{\"@id\":\"https:\/\/lpreflexology.com\/#website\"},\"primaryImageOfPage\":{\"@id\":\"https:\/\/lpreflexology.com\/?page_id=1138#primaryimage\"},\"datePublished\":\"2020-07-23T22:41:39+00:00\",\"dateModified\":\"2020-08-24T20:22:15+00:00\",\"description\":\"La r\\u00e9flexologie plantaire se pratique au niveau de la plante des pieds, 'tableau de bord' de l'ensemble du corps.\",\"inLanguage\":\"en-US\",\"potentialAction\":[{\"@type\":\"ReadAction\",\"target\":[\"https:\/\/lpreflexology.com\/?page_id=1138\"]}]}]}<\/script>\n<!-- \/ Yoast SEO plugin. -->","_links":{"self":[{"href":"https:\/\/lpreflexology.com\/index.php?rest_route=\/wp\/v2\/pages\/1138","targetHints":{"allow":["GET"]}}],"collection":[{"href":"https:\/\/lpreflexology.com\/index.php?rest_route=\/wp\/v2\/pages"}],"about":[{"href":"https:\/\/lpreflexology.com\/index.php?rest_route=\/wp\/v2\/types\/page"}],"author":[{"embeddable":true,"href":"https:\/\/lpreflexology.com\/index.php?rest_route=\/wp\/v2\/users\/2"}],"replies":[{"embeddable":true,"href":"https:\/\/lpreflexology.com\/index.php?rest_route=%2Fwp%2Fv2%2Fcomments&post=1138"}],"version-history":[{"count":36,"href":"https:\/\/lpreflexology.com\/index.php?rest_route=\/wp\/v2\/pages\/1138\/revisions"}],"predecessor-version":[{"id":1526,"href":"https:\/\/lpreflexology.com\/index.php?rest_route=\/wp\/v2\/pages\/1138\/revisions\/1526"}],"wp:attachment":[{"href":"https:\/\/lpreflexology.com\/index.php?rest_route=%2Fwp%2Fv2%2Fmedia&parent=1138"}],"curies":[{"name":"wp","href":"https:\/\/api.w.org\/{rel}","templated":true}]}}